{"id":2,"date":"2026-05-07T08:45:32","date_gmt":"2026-05-07T08:45:32","guid":{"rendered":"https:\/\/fruteriaadeeba.rkinformatika.online\/?page_id=2"},"modified":"2026-05-11T13:34:58","modified_gmt":"2026-05-11T13:34:58","slug":"inicio","status":"publish","type":"page","link":"https:\/\/fruteriaadeeba.com\/eu\/","title":{"rendered":"Hasiera"},"content":{"rendered":"\t\t<div data-elementor-type=\"wp-page\" data-elementor-id=\"2\" class=\"elementor elementor-2\" data-elementor-post-type=\"page\">\n\t\t\t\t<div class=\"elementor-element elementor-element-38ed22f e-flex e-con-boxed e-con e-parent\" data-id=\"38ed22f\" data-element_type=\"container\" data-e-type=\"container\" data-settings=\"{&quot;background_background&quot;:&quot;slideshow&quot;,&quot;background_slideshow_gallery&quot;:[{&quot;id&quot;:80,&quot;url&quot;:&quot;https:\\\/\\\/fruteriaadeeba.com\\\/wp-content\\\/uploads\\\/2026\\\/05\\\/fruteria_01-scaled.jpg&quot;},{&quot;id&quot;:81,&quot;url&quot;:&quot;https:\\\/\\\/fruteriaadeeba.com\\\/wp-content\\\/uploads\\\/2026\\\/05\\\/fruteria_02-scaled.jpg&quot;},{&quot;id&quot;:82,&quot;url&quot;:&quot;https:\\\/\\\/fruteriaadeeba.com\\\/wp-content\\\/uploads\\\/2026\\\/05\\\/fruteria_03-scaled.jpg&quot;}],&quot;background_slideshow_transition_duration&quot;:2000,&quot;background_slideshow_loop&quot;:&quot;yes&quot;,&quot;background_slideshow_slide_duration&quot;:5000,&quot;background_slideshow_slide_transition&quot;:&quot;fade&quot;}\">\n\t\t\t\t\t<div class=\"e-con-inner\">\n\t\t\t\t<div class=\"elementor-element elementor-element-77df3ab elementor-widget elementor-widget-heading\" data-id=\"77df3ab\" data-element_type=\"widget\" data-e-type=\"widget\" data-widget_type=\"heading.default\">\n\t\t\t\t\t<h2 class=\"elementor-heading-title elementor-size-default\">Fruter\u00eda Adeeb<\/h2>\t\t\t\t<\/div>\n\t\t\t\t<div class=\"elementor-element elementor-element-faca616 elementor-widget elementor-widget-text-editor\" data-id=\"faca616\" data-element_type=\"widget\" data-e-type=\"widget\" data-widget_type=\"text-editor.default\">\n\t\t\t\t\t\t\t\t\t<p>Venta de frutas y verduras<\/p>\t\t\t\t\t\t\t\t<\/div>\n\t\t\t\t\t<\/div>\n\t\t\t\t<\/div>\n\t\t<div class=\"elementor-element elementor-element-69089d8 e-flex e-con-boxed e-con e-parent\" data-id=\"69089d8\" data-element_type=\"container\" data-e-type=\"container\" data-settings=\"{&quot;background_background&quot;:&quot;classic&quot;}\">\n\t\t\t\t\t<div class=\"e-con-inner\">\n\t\t<div class=\"elementor-element elementor-element-f44c015 e-flex e-con-boxed e-con e-child\" data-id=\"f44c015\" data-element_type=\"container\" data-e-type=\"container\">\n\t\t\t\t\t<div class=\"e-con-inner\">\n\t\t\t\t<div class=\"elementor-element elementor-element-8f7d27a elementor-widget elementor-widget-heading\" data-id=\"8f7d27a\" data-element_type=\"widget\" data-e-type=\"widget\" data-widget_type=\"heading.default\">\n\t\t\t\t\t<h2 class=\"elementor-heading-title elementor-size-default\">Sobre Nosotros<\/h2>\t\t\t\t<\/div>\n\t\t\t\t<div class=\"elementor-element elementor-element-b09df91 elementor-widget elementor-widget-text-editor\" data-id=\"b09df91\" data-element_type=\"widget\" data-e-type=\"widget\" data-widget_type=\"text-editor.default\">\n\t\t\t\t\t\t\t\t\t<p data-start=\"115\" data-end=\"360\">En Fruter\u00eda Adeeb trabajamos cada d\u00eda para ofrecer frutas, productos frescos y alimentaci\u00f3n de calidad a nuestros clientes. Nos caracterizamos por la cercan\u00eda, el buen trato y el compromiso con ofrecer productos frescos y de confianza para el d\u00eda a d\u00eda de tu hogar.<\/p>\t\t\t\t\t\t\t\t<\/div>\n\t\t\t\t\t<\/div>\n\t\t\t\t<\/div>\n\t\t<div class=\"elementor-element elementor-element-944d20d e-flex e-con-boxed elementor-invisible e-con e-child\" data-id=\"944d20d\" data-element_type=\"container\" data-e-type=\"container\" data-settings=\"{&quot;animation&quot;:&quot;fadeInDown&quot;}\">\n\t\t\t\t\t<div class=\"e-con-inner\">\n\t\t\t\t<div class=\"elementor-element elementor-element-3454509 elementor-widget elementor-widget-image\" data-id=\"3454509\" data-element_type=\"widget\" data-e-type=\"widget\" data-widget_type=\"image.default\">\n\t\t\t\t\t\t\t\t\t\t\t\t\t\t\t<img fetchpriority=\"high\" decoding=\"async\" width=\"800\" height=\"534\" src=\"https:\/\/fruteriaadeeba.com\/wp-content\/uploads\/2026\/05\/1096-1024x683.jpg\" class=\"attachment-large size-large wp-image-93\" alt=\"\" srcset=\"https:\/\/fruteriaadeeba.com\/wp-content\/uploads\/2026\/05\/1096-1024x683.jpg 1024w, https:\/\/fruteriaadeeba.com\/wp-content\/uploads\/2026\/05\/1096-300x200.jpg 300w, https:\/\/fruteriaadeeba.com\/wp-content\/uploads\/2026\/05\/1096-768x512.jpg 768w, https:\/\/fruteriaadeeba.com\/wp-content\/uploads\/2026\/05\/1096-18x12.jpg 18w, https:\/\/fruteriaadeeba.com\/wp-content\/uploads\/2026\/05\/1096.jpg 1500w\" sizes=\"(max-width: 800px) 100vw, 800px\" \/>\t\t\t\t\t\t\t\t\t\t\t\t\t\t\t<\/div>\n\t\t\t\t\t<\/div>\n\t\t\t\t<\/div>\n\t\t\t\t\t<\/div>\n\t\t\t\t<\/div>\n\t\t<div class=\"elementor-element elementor-element-15a3380 e-flex e-con-boxed e-con e-parent\" data-id=\"15a3380\" data-element_type=\"container\" data-e-type=\"container\" data-settings=\"{&quot;background_background&quot;:&quot;classic&quot;}\">\n\t\t\t\t\t<div class=\"e-con-inner\">\n\t\t\t\t<div class=\"elementor-element elementor-element-2af3d03 elementor-widget elementor-widget-heading\" data-id=\"2af3d03\" data-element_type=\"widget\" data-e-type=\"widget\" data-widget_type=\"heading.default\">\n\t\t\t\t\t<h2 class=\"elementor-heading-title elementor-size-default\">Alimentaci\u00f3n fresca para una vida mejor.<\/h2>\t\t\t\t<\/div>\n\t\t\t\t<div class=\"elementor-element elementor-element-e742dda elementor-widget elementor-widget-button\" data-id=\"e742dda\" data-element_type=\"widget\" data-e-type=\"widget\" data-widget_type=\"button.default\">\n\t\t\t\t\t\t\t\t\t\t<a class=\"elementor-button elementor-button-link elementor-size-sm elementor-animation-wobble-horizontal\" href=\"\/productos\">\n\t\t\t\t\t\t<span class=\"elementor-button-content-wrapper\">\n\t\t\t\t\t\t\t\t\t<span class=\"elementor-button-text\">Productos<\/span>\n\t\t\t\t\t<\/span>\n\t\t\t\t\t<\/a>\n\t\t\t\t\t\t\t\t<\/div>\n\t\t\t\t\t<\/div>\n\t\t\t\t<\/div>\n\t\t<div class=\"elementor-element elementor-element-ff0d993 e-flex e-con-boxed e-con e-parent\" data-id=\"ff0d993\" data-element_type=\"container\" data-e-type=\"container\" data-settings=\"{&quot;background_background&quot;:&quot;classic&quot;}\">\n\t\t\t\t\t<div class=\"e-con-inner\">\n\t\t<div class=\"elementor-element elementor-element-a0afe43 e-con-full e-flex e-con e-child\" data-id=\"a0afe43\" data-element_type=\"container\" data-e-type=\"container\">\n\t\t\t\t<div class=\"elementor-element elementor-element-95c6319 elementor-widget elementor-widget-heading\" data-id=\"95c6319\" data-element_type=\"widget\" data-e-type=\"widget\" data-widget_type=\"heading.default\">\n\t\t\t\t\t<h2 class=\"elementor-heading-title elementor-size-default\">Del campo a tu mesa<\/h2>\t\t\t\t<\/div>\n\t\t\t\t<div class=\"elementor-element elementor-element-75efc0f elementor-widget elementor-widget-text-editor\" data-id=\"75efc0f\" data-element_type=\"widget\" data-e-type=\"widget\" data-widget_type=\"text-editor.default\">\n\t\t\t\t\t\t\t\t\t<p data-start=\"115\" data-end=\"360\">Queremos que disfrutes de productos frescos y de confianza, haciendo de cada visita una experiencia cercana y satisfactoria.<\/p>\t\t\t\t\t\t\t\t<\/div>\n\t\t\t\t<\/div>\n\t\t<div class=\"elementor-element elementor-element-02e3e84 e-con-full e-flex e-con e-child\" data-id=\"02e3e84\" data-element_type=\"container\" data-e-type=\"container\">\n\t\t\t\t<div class=\"elementor-element elementor-element-409a809 elementor-widget elementor-widget-image\" data-id=\"409a809\" data-element_type=\"widget\" data-e-type=\"widget\" data-widget_type=\"image.default\">\n\t\t\t\t\t\t\t\t\t\t\t\t\t\t\t<img decoding=\"async\" width=\"800\" height=\"501\" src=\"https:\/\/fruteriaadeeba.com\/wp-content\/uploads\/2026\/05\/2148209707.jpg\" class=\"attachment-large size-large wp-image-100\" alt=\"\" srcset=\"https:\/\/fruteriaadeeba.com\/wp-content\/uploads\/2026\/05\/2148209707.jpg 1000w, https:\/\/fruteriaadeeba.com\/wp-content\/uploads\/2026\/05\/2148209707-300x188.jpg 300w, https:\/\/fruteriaadeeba.com\/wp-content\/uploads\/2026\/05\/2148209707-768x481.jpg 768w, https:\/\/fruteriaadeeba.com\/wp-content\/uploads\/2026\/05\/2148209707-18x12.jpg 18w\" sizes=\"(max-width: 800px) 100vw, 800px\" \/>\t\t\t\t\t\t\t\t\t\t\t\t\t\t\t<\/div>\n\t\t\t\t<\/div>\n\t\t\t\t\t<\/div>\n\t\t\t\t<\/div>\n\t\t\t\t<\/div>\n\t\t","protected":false},"excerpt":{"rendered":"<p>Fruter\u00eda Adeeb Venta de frutas y verduras Sobre Nosotros En Fruter\u00eda Adeeb trabajamos cada d\u00eda para ofrecer frutas, productos frescos y alimentaci\u00f3n de calidad a nuestros clientes. Nos caracterizamos por la cercan\u00eda, el buen trato y el compromiso con ofrecer productos frescos y de confianza para el d\u00eda a d\u00eda de tu hogar. Alimentaci\u00f3n fresca [&hellip;]<\/p>\n","protected":false},"author":1,"featured_media":0,"parent":0,"menu_order":0,"comment_status":"closed","ping_status":"closed","template":"elementor_canvas","meta":{"footnotes":""},"class_list":["post-2","page","type-page","status-publish","hentry"],"yoast_head":"<!-- This site is optimized with the Yoast SEO plugin v27.6 - https:\/\/yoast.com\/product\/yoast-seo-wordpress\/ -->\n<title>Inicio - Fruteria Adeeb<\/title>\n<meta name=\"robots\" content=\"index, follow, max-snippet:-1, max-image-preview:large, max-video-preview:-1\" \/>\n<link rel=\"canonical\" href=\"https:\/\/fruteriaadeeba.com\/eu\/\" \/>\n<meta property=\"og:locale\" content=\"en_US\" \/>\n<meta property=\"og:type\" content=\"article\" \/>\n<meta property=\"og:title\" content=\"Inicio - Fruteria Adeeb\" \/>\n<meta property=\"og:description\" content=\"Fruter\u00eda Adeeb Venta de frutas y verduras Sobre Nosotros En Fruter\u00eda Adeeb trabajamos cada d\u00eda para ofrecer frutas, productos frescos y alimentaci\u00f3n de calidad a nuestros clientes. Nos caracterizamos por la cercan\u00eda, el buen trato y el compromiso con ofrecer productos frescos y de confianza para el d\u00eda a d\u00eda de tu hogar. Alimentaci\u00f3n fresca [&hellip;]\" \/>\n<meta property=\"og:url\" content=\"https:\/\/fruteriaadeeba.com\/eu\/\" \/>\n<meta property=\"og:site_name\" content=\"Fruteria Adeeb\" \/>\n<meta property=\"article:modified_time\" content=\"2026-05-11T13:34:58+00:00\" \/>\n<meta property=\"og:image\" content=\"https:\/\/fruteriaadeeba.com\/wp-content\/uploads\/2026\/05\/1096-1024x683.jpg\" \/>\n<meta name=\"twitter:card\" content=\"summary_large_image\" \/>\n<meta name=\"twitter:label1\" content=\"Est. reading time\" \/>\n\t<meta name=\"twitter:data1\" content=\"1 minutua\" \/>\n<script type=\"application\/ld+json\" class=\"yoast-schema-graph\">{\"@context\":\"https:\\\/\\\/schema.org\",\"@graph\":[{\"@type\":\"WebPage\",\"@id\":\"https:\\\/\\\/fruteriaadeeba.com\\\/\",\"url\":\"https:\\\/\\\/fruteriaadeeba.com\\\/\",\"name\":\"Inicio - Fruteria Adeeb\",\"isPartOf\":{\"@id\":\"https:\\\/\\\/fruteriaadeeba.com\\\/#website\"},\"primaryImageOfPage\":{\"@id\":\"https:\\\/\\\/fruteriaadeeba.com\\\/#primaryimage\"},\"image\":{\"@id\":\"https:\\\/\\\/fruteriaadeeba.com\\\/#primaryimage\"},\"thumbnailUrl\":\"https:\\\/\\\/fruteriaadeeba.com\\\/wp-content\\\/uploads\\\/2026\\\/05\\\/1096-1024x683.jpg\",\"datePublished\":\"2026-05-07T08:45:32+00:00\",\"dateModified\":\"2026-05-11T13:34:58+00:00\",\"breadcrumb\":{\"@id\":\"https:\\\/\\\/fruteriaadeeba.com\\\/#breadcrumb\"},\"inLanguage\":\"eu\",\"potentialAction\":[{\"@type\":\"ReadAction\",\"target\":[\"https:\\\/\\\/fruteriaadeeba.com\\\/\"]}]},{\"@type\":\"ImageObject\",\"inLanguage\":\"eu\",\"@id\":\"https:\\\/\\\/fruteriaadeeba.com\\\/#primaryimage\",\"url\":\"https:\\\/\\\/fruteriaadeeba.com\\\/wp-content\\\/uploads\\\/2026\\\/05\\\/1096-1024x683.jpg\",\"contentUrl\":\"https:\\\/\\\/fruteriaadeeba.com\\\/wp-content\\\/uploads\\\/2026\\\/05\\\/1096-1024x683.jpg\"},{\"@type\":\"BreadcrumbList\",\"@id\":\"https:\\\/\\\/fruteriaadeeba.com\\\/#breadcrumb\",\"itemListElement\":[{\"@type\":\"ListItem\",\"position\":1,\"name\":\"Portada\",\"item\":\"https:\\\/\\\/fruteriaadeeba.com\\\/\"},{\"@type\":\"ListItem\",\"position\":2,\"name\":\"Inicio\"}]},{\"@type\":\"WebSite\",\"@id\":\"https:\\\/\\\/fruteriaadeeba.com\\\/#website\",\"url\":\"https:\\\/\\\/fruteriaadeeba.com\\\/\",\"name\":\"Fruteria Adeeb\",\"description\":\"Fruteria en Zumarraga, Gipuzkoa \\\/ +34 642 691 284\",\"publisher\":{\"@id\":\"https:\\\/\\\/fruteriaadeeba.com\\\/#organization\"},\"potentialAction\":[{\"@type\":\"SearchAction\",\"target\":{\"@type\":\"EntryPoint\",\"urlTemplate\":\"https:\\\/\\\/fruteriaadeeba.com\\\/?s={search_term_string}\"},\"query-input\":{\"@type\":\"PropertyValueSpecification\",\"valueRequired\":true,\"valueName\":\"search_term_string\"}}],\"inLanguage\":\"eu\"},{\"@type\":\"Organization\",\"@id\":\"https:\\\/\\\/fruteriaadeeba.com\\\/#organization\",\"name\":\"Fruteria Adeeb\",\"url\":\"https:\\\/\\\/fruteriaadeeba.com\\\/\",\"logo\":{\"@type\":\"ImageObject\",\"inLanguage\":\"eu\",\"@id\":\"https:\\\/\\\/fruteriaadeeba.com\\\/#\\\/schema\\\/logo\\\/image\\\/\",\"url\":\"https:\\\/\\\/fruteriaadeeba.com\\\/wp-content\\\/uploads\\\/2026\\\/05\\\/cropped-X8430506Vlogo_logo_web.png\",\"contentUrl\":\"https:\\\/\\\/fruteriaadeeba.com\\\/wp-content\\\/uploads\\\/2026\\\/05\\\/cropped-X8430506Vlogo_logo_web.png\",\"width\":1080,\"height\":417,\"caption\":\"Fruteria Adeeb\"},\"image\":{\"@id\":\"https:\\\/\\\/fruteriaadeeba.com\\\/#\\\/schema\\\/logo\\\/image\\\/\"}}]}<\/script>\n<!-- \/ Yoast SEO plugin. -->","yoast_head_json":{"title":"Inicio - Fruteria Adeeb","robots":{"index":"index","follow":"follow","max-snippet":"max-snippet:-1","max-image-preview":"max-image-preview:large","max-video-preview":"max-video-preview:-1"},"canonical":"https:\/\/fruteriaadeeba.com\/eu\/","og_locale":"en_US","og_type":"article","og_title":"Inicio - Fruteria Adeeb","og_description":"Fruter\u00eda Adeeb Venta de frutas y verduras Sobre Nosotros En Fruter\u00eda Adeeb trabajamos cada d\u00eda para ofrecer frutas, productos frescos y alimentaci\u00f3n de calidad a nuestros clientes. Nos caracterizamos por la cercan\u00eda, el buen trato y el compromiso con ofrecer productos frescos y de confianza para el d\u00eda a d\u00eda de tu hogar. Alimentaci\u00f3n fresca [&hellip;]","og_url":"https:\/\/fruteriaadeeba.com\/eu\/","og_site_name":"Fruteria Adeeb","article_modified_time":"2026-05-11T13:34:58+00:00","og_image":[{"url":"https:\/\/fruteriaadeeba.com\/wp-content\/uploads\/2026\/05\/1096-1024x683.jpg","type":"","width":"","height":""}],"twitter_card":"summary_large_image","twitter_misc":{"Est. reading time":"1 minutua"},"schema":{"@context":"https:\/\/schema.org","@graph":[{"@type":"WebPage","@id":"https:\/\/fruteriaadeeba.com\/","url":"https:\/\/fruteriaadeeba.com\/","name":"Inicio - Fruteria Adeeb","isPartOf":{"@id":"https:\/\/fruteriaadeeba.com\/#website"},"primaryImageOfPage":{"@id":"https:\/\/fruteriaadeeba.com\/#primaryimage"},"image":{"@id":"https:\/\/fruteriaadeeba.com\/#primaryimage"},"thumbnailUrl":"https:\/\/fruteriaadeeba.com\/wp-content\/uploads\/2026\/05\/1096-1024x683.jpg","datePublished":"2026-05-07T08:45:32+00:00","dateModified":"2026-05-11T13:34:58+00:00","breadcrumb":{"@id":"https:\/\/fruteriaadeeba.com\/#breadcrumb"},"inLanguage":"eu","potentialAction":[{"@type":"ReadAction","target":["https:\/\/fruteriaadeeba.com\/"]}]},{"@type":"ImageObject","inLanguage":"eu","@id":"https:\/\/fruteriaadeeba.com\/#primaryimage","url":"https:\/\/fruteriaadeeba.com\/wp-content\/uploads\/2026\/05\/1096-1024x683.jpg","contentUrl":"https:\/\/fruteriaadeeba.com\/wp-content\/uploads\/2026\/05\/1096-1024x683.jpg"},{"@type":"BreadcrumbList","@id":"https:\/\/fruteriaadeeba.com\/#breadcrumb","itemListElement":[{"@type":"ListItem","position":1,"name":"Portada","item":"https:\/\/fruteriaadeeba.com\/"},{"@type":"ListItem","position":2,"name":"Inicio"}]},{"@type":"WebSite","@id":"https:\/\/fruteriaadeeba.com\/#website","url":"https:\/\/fruteriaadeeba.com\/","name":"Fruteria Adeeb","description":"Fruteria en Zumarraga, Gipuzkoa \/ +34 642 691 284","publisher":{"@id":"https:\/\/fruteriaadeeba.com\/#organization"},"potentialAction":[{"@type":"SearchAction","target":{"@type":"EntryPoint","urlTemplate":"https:\/\/fruteriaadeeba.com\/?s={search_term_string}"},"query-input":{"@type":"PropertyValueSpecification","valueRequired":true,"valueName":"search_term_string"}}],"inLanguage":"eu"},{"@type":"Organization","@id":"https:\/\/fruteriaadeeba.com\/#organization","name":"Fruteria Adeeb","url":"https:\/\/fruteriaadeeba.com\/","logo":{"@type":"ImageObject","inLanguage":"eu","@id":"https:\/\/fruteriaadeeba.com\/#\/schema\/logo\/image\/","url":"https:\/\/fruteriaadeeba.com\/wp-content\/uploads\/2026\/05\/cropped-X8430506Vlogo_logo_web.png","contentUrl":"https:\/\/fruteriaadeeba.com\/wp-content\/uploads\/2026\/05\/cropped-X8430506Vlogo_logo_web.png","width":1080,"height":417,"caption":"Fruteria Adeeb"},"image":{"@id":"https:\/\/fruteriaadeeba.com\/#\/schema\/logo\/image\/"}}]}},"_links":{"self":[{"href":"https:\/\/fruteriaadeeba.com\/eu\/wp-json\/wp\/v2\/pages\/2","targetHints":{"allow":["GET"]}}],"collection":[{"href":"https:\/\/fruteriaadeeba.com\/eu\/wp-json\/wp\/v2\/pages"}],"about":[{"href":"https:\/\/fruteriaadeeba.com\/eu\/wp-json\/wp\/v2\/types\/page"}],"author":[{"embeddable":true,"href":"https:\/\/fruteriaadeeba.com\/eu\/wp-json\/wp\/v2\/users\/1"}],"replies":[{"embeddable":true,"href":"https:\/\/fruteriaadeeba.com\/eu\/wp-json\/wp\/v2\/comments?post=2"}],"version-history":[{"count":37,"href":"https:\/\/fruteriaadeeba.com\/eu\/wp-json\/wp\/v2\/pages\/2\/revisions"}],"predecessor-version":[{"id":243,"href":"https:\/\/fruteriaadeeba.com\/eu\/wp-json\/wp\/v2\/pages\/2\/revisions\/243"}],"wp:attachment":[{"href":"https:\/\/fruteriaadeeba.com\/eu\/wp-json\/wp\/v2\/media?parent=2"}],"curies":[{"name":"wp","href":"https:\/\/api.w.org\/{rel}","templated":true}]}}