{"id":8,"date":"2026-05-07T09:08:10","date_gmt":"2026-05-07T09:08:10","guid":{"rendered":"https:\/\/fruteriaadeeba.rkinformatika.online\/?page_id=8"},"modified":"2026-05-11T14:33:56","modified_gmt":"2026-05-11T14:33:56","slug":"productos","status":"publish","type":"page","link":"https:\/\/fruteriaadeeba.com\/eu\/productos\/","title":{"rendered":"Produktuak"},"content":{"rendered":"<div data-elementor-type=\"wp-page\" data-elementor-id=\"8\" class=\"elementor elementor-8\" data-elementor-post-type=\"page\">\n\t\t\t\t<div class=\"elementor-element elementor-element-63dfe29 e-flex e-con-boxed e-con e-parent\" data-id=\"63dfe29\" data-element_type=\"container\" data-e-type=\"container\" data-settings=\"{&quot;background_background&quot;:&quot;classic&quot;}\">\n\t\t\t\t\t<div class=\"e-con-inner\">\n\t\t\t\t<div class=\"elementor-element elementor-element-5504cec elementor-widget elementor-widget-text-editor\" data-id=\"5504cec\" data-element_type=\"widget\" data-e-type=\"widget\" data-widget_type=\"text-editor.default\">\n\t\t\t\t\t\t\t\t\t<p>Tu satisfacci\u00f3n es nuestra prioridad.<\/p>\t\t\t\t\t\t\t\t<\/div>\n\t\t\t\t\t<\/div>\n\t\t\t\t<\/div>\n\t\t<div class=\"elementor-element elementor-element-0d995b3 e-flex e-con-boxed e-con e-parent\" data-id=\"0d995b3\" data-element_type=\"container\" data-e-type=\"container\">\n\t\t\t\t\t<div class=\"e-con-inner\">\n\t\t<div class=\"elementor-element elementor-element-d3bc693 e-con-full e-flex e-con e-child\" data-id=\"d3bc693\" data-element_type=\"container\" data-e-type=\"container\">\n\t\t\t\t<div class=\"elementor-element elementor-element-7c28cd3 elementor-invisible elementor-widget elementor-widget-heading\" data-id=\"7c28cd3\" data-element_type=\"widget\" data-e-type=\"widget\" data-settings=\"{&quot;_animation&quot;:&quot;fadeInLeft&quot;}\" data-widget_type=\"heading.default\">\n\t\t\t\t\t<h2 class=\"elementor-heading-title elementor-size-default\">Frutas<\/h2>\t\t\t\t<\/div>\n\t\t\t\t<div class=\"elementor-element elementor-element-03f6d93 elementor-flip-box--effect-flip elementor-flip-box--direction-up elementor-widget elementor-widget-flip-box\" data-id=\"03f6d93\" data-element_type=\"widget\" data-e-type=\"widget\" data-widget_type=\"flip-box.default\">\n\t\t\t\t\t\t\t<div class=\"elementor-flip-box\" tabindex=\"0\">\n\t\t\t<div class=\"elementor-flip-box__layer elementor-flip-box__front\">\n\t\t\t\t<div class=\"elementor-flip-box__layer__overlay\">\n\t\t\t\t\t<div class=\"elementor-flip-box__layer__inner\">\n\t\t\t\t\t\t\n\t\t\t\t\t\t\n\t\t\t\t\t\t\t\t\t\t\t<\/div>\n\t\t\t\t<\/div>\n\t\t\t<\/div>\n\t\t\t<div class=\"elementor-flip-box__layer elementor-flip-box__back\">\n\t\t\t<div class=\"elementor-flip-box__layer__overlay\">\n\t\t\t\t<div class=\"elementor-flip-box__layer__inner\">\n\t\t\t\t\t\n\t\t\t\t\t\n\t\t\t\t\t\t\t\t<\/div>\n\t\t<\/div>\n\t\t<\/div>\n\t\t<\/div>\n\t\t\t\t\t\t<\/div>\n\t\t\t\t<\/div>\n\t\t<div class=\"elementor-element elementor-element-64d1523 e-con-full e-flex e-con e-child\" data-id=\"64d1523\" data-element_type=\"container\" data-e-type=\"container\">\n\t\t\t\t<div class=\"elementor-element elementor-element-665b401 elementor-invisible elementor-widget elementor-widget-heading\" data-id=\"665b401\" data-element_type=\"widget\" data-e-type=\"widget\" data-settings=\"{&quot;_animation&quot;:&quot;fadeInUp&quot;}\" data-widget_type=\"heading.default\">\n\t\t\t\t\t<h2 class=\"elementor-heading-title elementor-size-default\">Verduras<\/h2>\t\t\t\t<\/div>\n\t\t\t\t<div class=\"elementor-element elementor-element-87b0af1 elementor-flip-box--effect-slide elementor-flip-box--direction-up elementor-widget elementor-widget-flip-box\" data-id=\"87b0af1\" data-element_type=\"widget\" data-e-type=\"widget\" data-widget_type=\"flip-box.default\">\n\t\t\t\t\t\t\t<div class=\"elementor-flip-box\" tabindex=\"0\">\n\t\t\t<div class=\"elementor-flip-box__layer elementor-flip-box__front\">\n\t\t\t\t<div class=\"elementor-flip-box__layer__overlay\">\n\t\t\t\t\t<div class=\"elementor-flip-box__layer__inner\">\n\t\t\t\t\t\t\n\t\t\t\t\t\t\n\t\t\t\t\t\t\t\t\t\t\t<\/div>\n\t\t\t\t<\/div>\n\t\t\t<\/div>\n\t\t\t<div class=\"elementor-flip-box__layer elementor-flip-box__back\">\n\t\t\t<div class=\"elementor-flip-box__layer__overlay\">\n\t\t\t\t<div class=\"elementor-flip-box__layer__inner\">\n\t\t\t\t\t\n\t\t\t\t\t\n\t\t\t\t\t\t\t\t<\/div>\n\t\t<\/div>\n\t\t<\/div>\n\t\t<\/div>\n\t\t\t\t\t\t<\/div>\n\t\t\t\t<\/div>\n\t\t<div class=\"elementor-element elementor-element-b8d00ce e-con-full e-flex e-con e-child\" data-id=\"b8d00ce\" data-element_type=\"container\" data-e-type=\"container\">\n\t\t\t\t<div class=\"elementor-element elementor-element-eaea386 elementor-invisible elementor-widget elementor-widget-heading\" data-id=\"eaea386\" data-element_type=\"widget\" data-e-type=\"widget\" data-settings=\"{&quot;_animation&quot;:&quot;fadeInRight&quot;}\" data-widget_type=\"heading.default\">\n\t\t\t\t\t<h2 class=\"elementor-heading-title elementor-size-default\">Y mucho m\u00e1s...<\/h2>\t\t\t\t<\/div>\n\t\t\t\t<div class=\"elementor-element elementor-element-51ac103 elementor-flip-box--effect-zoom-in elementor-widget elementor-widget-flip-box\" data-id=\"51ac103\" data-element_type=\"widget\" data-e-type=\"widget\" data-widget_type=\"flip-box.default\">\n\t\t\t\t\t\t\t<div class=\"elementor-flip-box\" tabindex=\"0\">\n\t\t\t<div class=\"elementor-flip-box__layer elementor-flip-box__front\">\n\t\t\t\t<div class=\"elementor-flip-box__layer__overlay\">\n\t\t\t\t\t<div class=\"elementor-flip-box__layer__inner\">\n\t\t\t\t\t\t\n\t\t\t\t\t\t\n\t\t\t\t\t\t\t\t\t\t\t<\/div>\n\t\t\t\t<\/div>\n\t\t\t<\/div>\n\t\t\t<div class=\"elementor-flip-box__layer elementor-flip-box__back\">\n\t\t\t<div class=\"elementor-flip-box__layer__overlay\">\n\t\t\t\t<div class=\"elementor-flip-box__layer__inner\">\n\t\t\t\t\t\n\t\t\t\t\t\n\t\t\t\t\t\t\t\t<\/div>\n\t\t<\/div>\n\t\t<\/div>\n\t\t<\/div>\n\t\t\t\t\t\t<\/div>\n\t\t\t\t<\/div>\n\t\t\t\t\t<\/div>\n\t\t\t\t<\/div>\n\t\t<div class=\"elementor-element elementor-element-00aff15 e-flex e-con-boxed e-con e-parent\" data-id=\"00aff15\" data-element_type=\"container\" data-e-type=\"container\" data-settings=\"{&quot;background_background&quot;:&quot;classic&quot;}\">\n\t\t\t\t\t<div class=\"e-con-inner\">\n\t\t\t\t<div class=\"elementor-element elementor-element-47817cd elementor-widget elementor-widget-heading\" data-id=\"47817cd\" data-element_type=\"widget\" data-e-type=\"widget\" data-widget_type=\"heading.default\">\n\t\t\t\t\t<h2 class=\"elementor-heading-title elementor-size-default\">\u00a1Productos seleccionados con cuidado para ti y tu familia!<\/h2>\t\t\t\t<\/div>\n\t\t\t\t<div class=\"elementor-element elementor-element-5516d7e elementor-widget elementor-widget-button\" data-id=\"5516d7e\" data-element_type=\"widget\" data-e-type=\"widget\" data-widget_type=\"button.default\">\n\t\t\t\t\t\t\t\t\t\t<a class=\"elementor-button elementor-button-link elementor-size-sm elementor-animation-wobble-horizontal\" href=\"\/eu\/contacto\/\">\n\t\t\t\t\t\t<span class=\"elementor-button-content-wrapper\">\n\t\t\t\t\t\t\t\t\t<span class=\"elementor-button-text\">\u00a1Hablamos!<\/span>\n\t\t\t\t\t<\/span>\n\t\t\t\t\t<\/a>\n\t\t\t\t\t\t\t\t<\/div>\n\t\t\t\t\t<\/div>\n\t\t\t\t<\/div>\n\t\t<div class=\"elementor-element elementor-element-508ebe0 e-flex e-con-boxed e-con e-parent\" data-id=\"508ebe0\" data-element_type=\"container\" data-e-type=\"container\" data-settings=\"{&quot;background_background&quot;:&quot;classic&quot;}\">\n\t\t\t\t\t<div class=\"e-con-inner\">\n\t\t<div class=\"elementor-element elementor-element-66aea52 e-con-full e-flex e-con e-child\" data-id=\"66aea52\" data-element_type=\"container\" data-e-type=\"container\">\n\t\t\t\t<div class=\"elementor-element elementor-element-96ffb6f elementor-widget elementor-widget-heading\" data-id=\"96ffb6f\" data-element_type=\"widget\" data-e-type=\"widget\" data-widget_type=\"heading.default\">\n\t\t\t\t\t<h2 class=\"elementor-heading-title elementor-size-default\">\u00a1Tu rinc\u00f3n diario de frescura!<\/h2>\t\t\t\t<\/div>\n\t\t\t\t<div class=\"elementor-element elementor-element-452eb42 elementor-widget elementor-widget-text-editor\" data-id=\"452eb42\" data-element_type=\"widget\" data-e-type=\"widget\" data-widget_type=\"text-editor.default\">\n\t\t\t\t\t\t\t\t\t<p data-start=\"115\" data-end=\"360\">En Fruter\u00eda Adeeb encontrar\u00e1s frutas y productos frescos seleccionados cada d\u00eda para ofrecerte la mejor calidad, sabor y frescura. \u00a1Tu dosis diaria de frescura, cerca de ti!<\/p>\t\t\t\t\t\t\t\t<\/div>\n\t\t\t\t<\/div>\n\t\t<div class=\"elementor-element elementor-element-663889b e-con-full e-flex e-con e-child\" data-id=\"663889b\" data-element_type=\"container\" data-e-type=\"container\">\n\t\t\t\t<div class=\"elementor-element elementor-element-fb588cf elementor-widget elementor-widget-image\" data-id=\"fb588cf\" data-element_type=\"widget\" data-e-type=\"widget\" data-widget_type=\"image.default\">\n\t\t\t\t\t\t\t\t\t\t\t\t\t\t\t<img fetchpriority=\"high\" decoding=\"async\" width=\"800\" height=\"534\" src=\"https:\/\/fruteriaadeeba.com\/wp-content\/uploads\/2026\/05\/fruteria_08-1024x683.jpg\" class=\"attachment-large size-large wp-image-136\" alt=\"\" srcset=\"https:\/\/fruteriaadeeba.com\/wp-content\/uploads\/2026\/05\/fruteria_08-1024x683.jpg 1024w, https:\/\/fruteriaadeeba.com\/wp-content\/uploads\/2026\/05\/fruteria_08-300x200.jpg 300w, https:\/\/fruteriaadeeba.com\/wp-content\/uploads\/2026\/05\/fruteria_08-768x512.jpg 768w, https:\/\/fruteriaadeeba.com\/wp-content\/uploads\/2026\/05\/fruteria_08-1536x1025.jpg 1536w, https:\/\/fruteriaadeeba.com\/wp-content\/uploads\/2026\/05\/fruteria_08-2048x1366.jpg 2048w, https:\/\/fruteriaadeeba.com\/wp-content\/uploads\/2026\/05\/fruteria_08-18x12.jpg 18w\" sizes=\"(max-width: 800px) 100vw, 800px\" \/>\t\t\t\t\t\t\t\t\t\t\t\t\t\t\t<\/div>\n\t\t\t\t<\/div>\n\t\t\t\t\t<\/div>\n\t\t\t\t<\/div>\n\t\t\t\t<\/div>","protected":false},"excerpt":{"rendered":"<p>Tu satisfacci\u00f3n es nuestra prioridad. Frutas Verduras Y mucho m\u00e1s&#8230; \u00a1Productos seleccionados con cuidado para ti y tu familia! \u00a1Hablamos! \u00a1Tu rinc\u00f3n diario de frescura! En Fruter\u00eda Adeeb encontrar\u00e1s frutas y productos frescos seleccionados cada d\u00eda para ofrecerte la mejor calidad, sabor y frescura. \u00a1Tu dosis diaria de frescura, cerca de ti!<\/p>","protected":false},"author":1,"featured_media":0,"parent":0,"menu_order":0,"comment_status":"closed","ping_status":"closed","template":"elementor_canvas","meta":{"footnotes":""},"class_list":["post-8","page","type-page","status-publish","hentry"],"yoast_head":"<!-- This site is optimized with the Yoast SEO plugin v27.6 - https:\/\/yoast.com\/product\/yoast-seo-wordpress\/ -->\n<title>Productos - Fruteria Adeeb<\/title>\n<meta name=\"robots\" content=\"index, follow, max-snippet:-1, max-image-preview:large, max-video-preview:-1\" \/>\n<link rel=\"canonical\" href=\"https:\/\/fruteriaadeeba.com\/eu\/productos\/\" \/>\n<meta property=\"og:locale\" content=\"en_US\" \/>\n<meta property=\"og:type\" content=\"article\" \/>\n<meta property=\"og:title\" content=\"Productos - Fruteria Adeeb\" \/>\n<meta property=\"og:description\" content=\"Tu satisfacci\u00f3n es nuestra prioridad. Frutas Verduras Y mucho m\u00e1s&#8230; \u00a1Productos seleccionados con cuidado para ti y tu familia! \u00a1Hablamos! \u00a1Tu rinc\u00f3n diario de frescura! En Fruter\u00eda Adeeb encontrar\u00e1s frutas y productos frescos seleccionados cada d\u00eda para ofrecerte la mejor calidad, sabor y frescura. \u00a1Tu dosis diaria de frescura, cerca de ti!\" \/>\n<meta property=\"og:url\" content=\"https:\/\/fruteriaadeeba.com\/eu\/productos\/\" \/>\n<meta property=\"og:site_name\" content=\"Fruteria Adeeb\" \/>\n<meta property=\"article:modified_time\" content=\"2026-05-11T14:33:56+00:00\" \/>\n<meta property=\"og:image\" content=\"https:\/\/fruteriaadeeba.com\/wp-content\/uploads\/2026\/05\/fruteria_08-1024x683.jpg\" \/>\n<meta name=\"twitter:card\" content=\"summary_large_image\" \/>\n<meta name=\"twitter:label1\" content=\"Est. reading time\" \/>\n\t<meta name=\"twitter:data1\" content=\"1 minutua\" \/>\n<script type=\"application\/ld+json\" class=\"yoast-schema-graph\">{\"@context\":\"https:\\\/\\\/schema.org\",\"@graph\":[{\"@type\":\"WebPage\",\"@id\":\"https:\\\/\\\/fruteriaadeeba.com\\\/productos\\\/\",\"url\":\"https:\\\/\\\/fruteriaadeeba.com\\\/productos\\\/\",\"name\":\"Productos - Fruteria Adeeb\",\"isPartOf\":{\"@id\":\"https:\\\/\\\/fruteriaadeeba.com\\\/#website\"},\"primaryImageOfPage\":{\"@id\":\"https:\\\/\\\/fruteriaadeeba.com\\\/productos\\\/#primaryimage\"},\"image\":{\"@id\":\"https:\\\/\\\/fruteriaadeeba.com\\\/productos\\\/#primaryimage\"},\"thumbnailUrl\":\"https:\\\/\\\/fruteriaadeeba.com\\\/wp-content\\\/uploads\\\/2026\\\/05\\\/fruteria_08-1024x683.jpg\",\"datePublished\":\"2026-05-07T09:08:10+00:00\",\"dateModified\":\"2026-05-11T14:33:56+00:00\",\"breadcrumb\":{\"@id\":\"https:\\\/\\\/fruteriaadeeba.com\\\/productos\\\/#breadcrumb\"},\"inLanguage\":\"eu\",\"potentialAction\":[{\"@type\":\"ReadAction\",\"target\":[\"https:\\\/\\\/fruteriaadeeba.com\\\/productos\\\/\"]}]},{\"@type\":\"ImageObject\",\"inLanguage\":\"eu\",\"@id\":\"https:\\\/\\\/fruteriaadeeba.com\\\/productos\\\/#primaryimage\",\"url\":\"https:\\\/\\\/fruteriaadeeba.com\\\/wp-content\\\/uploads\\\/2026\\\/05\\\/fruteria_08-1024x683.jpg\",\"contentUrl\":\"https:\\\/\\\/fruteriaadeeba.com\\\/wp-content\\\/uploads\\\/2026\\\/05\\\/fruteria_08-1024x683.jpg\"},{\"@type\":\"BreadcrumbList\",\"@id\":\"https:\\\/\\\/fruteriaadeeba.com\\\/productos\\\/#breadcrumb\",\"itemListElement\":[{\"@type\":\"ListItem\",\"position\":1,\"name\":\"Portada\",\"item\":\"https:\\\/\\\/fruteriaadeeba.com\\\/\"},{\"@type\":\"ListItem\",\"position\":2,\"name\":\"Productos\"}]},{\"@type\":\"WebSite\",\"@id\":\"https:\\\/\\\/fruteriaadeeba.com\\\/#website\",\"url\":\"https:\\\/\\\/fruteriaadeeba.com\\\/\",\"name\":\"Fruteria Adeeb\",\"description\":\"Fruteria en Zumarraga, Gipuzkoa \\\/ +34 642 691 284\",\"publisher\":{\"@id\":\"https:\\\/\\\/fruteriaadeeba.com\\\/#organization\"},\"potentialAction\":[{\"@type\":\"SearchAction\",\"target\":{\"@type\":\"EntryPoint\",\"urlTemplate\":\"https:\\\/\\\/fruteriaadeeba.com\\\/?s={search_term_string}\"},\"query-input\":{\"@type\":\"PropertyValueSpecification\",\"valueRequired\":true,\"valueName\":\"search_term_string\"}}],\"inLanguage\":\"eu\"},{\"@type\":\"Organization\",\"@id\":\"https:\\\/\\\/fruteriaadeeba.com\\\/#organization\",\"name\":\"Fruteria Adeeb\",\"url\":\"https:\\\/\\\/fruteriaadeeba.com\\\/\",\"logo\":{\"@type\":\"ImageObject\",\"inLanguage\":\"eu\",\"@id\":\"https:\\\/\\\/fruteriaadeeba.com\\\/#\\\/schema\\\/logo\\\/image\\\/\",\"url\":\"https:\\\/\\\/fruteriaadeeba.com\\\/wp-content\\\/uploads\\\/2026\\\/05\\\/cropped-X8430506Vlogo_logo_web.png\",\"contentUrl\":\"https:\\\/\\\/fruteriaadeeba.com\\\/wp-content\\\/uploads\\\/2026\\\/05\\\/cropped-X8430506Vlogo_logo_web.png\",\"width\":1080,\"height\":417,\"caption\":\"Fruteria Adeeb\"},\"image\":{\"@id\":\"https:\\\/\\\/fruteriaadeeba.com\\\/#\\\/schema\\\/logo\\\/image\\\/\"}}]}<\/script>\n<!-- \/ Yoast SEO plugin. -->","yoast_head_json":{"title":"Productos - Fruteria Adeeb","robots":{"index":"index","follow":"follow","max-snippet":"max-snippet:-1","max-image-preview":"max-image-preview:large","max-video-preview":"max-video-preview:-1"},"canonical":"https:\/\/fruteriaadeeba.com\/eu\/productos\/","og_locale":"en_US","og_type":"article","og_title":"Productos - Fruteria Adeeb","og_description":"Tu satisfacci\u00f3n es nuestra prioridad. Frutas Verduras Y mucho m\u00e1s&#8230; \u00a1Productos seleccionados con cuidado para ti y tu familia! \u00a1Hablamos! \u00a1Tu rinc\u00f3n diario de frescura! En Fruter\u00eda Adeeb encontrar\u00e1s frutas y productos frescos seleccionados cada d\u00eda para ofrecerte la mejor calidad, sabor y frescura. \u00a1Tu dosis diaria de frescura, cerca de ti!","og_url":"https:\/\/fruteriaadeeba.com\/eu\/productos\/","og_site_name":"Fruteria Adeeb","article_modified_time":"2026-05-11T14:33:56+00:00","og_image":[{"url":"https:\/\/fruteriaadeeba.com\/wp-content\/uploads\/2026\/05\/fruteria_08-1024x683.jpg","type":"","width":"","height":""}],"twitter_card":"summary_large_image","twitter_misc":{"Est. reading time":"1 minutua"},"schema":{"@context":"https:\/\/schema.org","@graph":[{"@type":"WebPage","@id":"https:\/\/fruteriaadeeba.com\/productos\/","url":"https:\/\/fruteriaadeeba.com\/productos\/","name":"Productos - Fruteria Adeeb","isPartOf":{"@id":"https:\/\/fruteriaadeeba.com\/#website"},"primaryImageOfPage":{"@id":"https:\/\/fruteriaadeeba.com\/productos\/#primaryimage"},"image":{"@id":"https:\/\/fruteriaadeeba.com\/productos\/#primaryimage"},"thumbnailUrl":"https:\/\/fruteriaadeeba.com\/wp-content\/uploads\/2026\/05\/fruteria_08-1024x683.jpg","datePublished":"2026-05-07T09:08:10+00:00","dateModified":"2026-05-11T14:33:56+00:00","breadcrumb":{"@id":"https:\/\/fruteriaadeeba.com\/productos\/#breadcrumb"},"inLanguage":"eu","potentialAction":[{"@type":"ReadAction","target":["https:\/\/fruteriaadeeba.com\/productos\/"]}]},{"@type":"ImageObject","inLanguage":"eu","@id":"https:\/\/fruteriaadeeba.com\/productos\/#primaryimage","url":"https:\/\/fruteriaadeeba.com\/wp-content\/uploads\/2026\/05\/fruteria_08-1024x683.jpg","contentUrl":"https:\/\/fruteriaadeeba.com\/wp-content\/uploads\/2026\/05\/fruteria_08-1024x683.jpg"},{"@type":"BreadcrumbList","@id":"https:\/\/fruteriaadeeba.com\/productos\/#breadcrumb","itemListElement":[{"@type":"ListItem","position":1,"name":"Portada","item":"https:\/\/fruteriaadeeba.com\/"},{"@type":"ListItem","position":2,"name":"Productos"}]},{"@type":"WebSite","@id":"https:\/\/fruteriaadeeba.com\/#website","url":"https:\/\/fruteriaadeeba.com\/","name":"Fruteria Adeeb","description":"Fruteria en Zumarraga, Gipuzkoa \/ +34 642 691 284","publisher":{"@id":"https:\/\/fruteriaadeeba.com\/#organization"},"potentialAction":[{"@type":"SearchAction","target":{"@type":"EntryPoint","urlTemplate":"https:\/\/fruteriaadeeba.com\/?s={search_term_string}"},"query-input":{"@type":"PropertyValueSpecification","valueRequired":true,"valueName":"search_term_string"}}],"inLanguage":"eu"},{"@type":"Organization","@id":"https:\/\/fruteriaadeeba.com\/#organization","name":"Fruteria Adeeb","url":"https:\/\/fruteriaadeeba.com\/","logo":{"@type":"ImageObject","inLanguage":"eu","@id":"https:\/\/fruteriaadeeba.com\/#\/schema\/logo\/image\/","url":"https:\/\/fruteriaadeeba.com\/wp-content\/uploads\/2026\/05\/cropped-X8430506Vlogo_logo_web.png","contentUrl":"https:\/\/fruteriaadeeba.com\/wp-content\/uploads\/2026\/05\/cropped-X8430506Vlogo_logo_web.png","width":1080,"height":417,"caption":"Fruteria Adeeb"},"image":{"@id":"https:\/\/fruteriaadeeba.com\/#\/schema\/logo\/image\/"}}]}},"_links":{"self":[{"href":"https:\/\/fruteriaadeeba.com\/eu\/wp-json\/wp\/v2\/pages\/8","targetHints":{"allow":["GET"]}}],"collection":[{"href":"https:\/\/fruteriaadeeba.com\/eu\/wp-json\/wp\/v2\/pages"}],"about":[{"href":"https:\/\/fruteriaadeeba.com\/eu\/wp-json\/wp\/v2\/types\/page"}],"author":[{"embeddable":true,"href":"https:\/\/fruteriaadeeba.com\/eu\/wp-json\/wp\/v2\/users\/1"}],"replies":[{"embeddable":true,"href":"https:\/\/fruteriaadeeba.com\/eu\/wp-json\/wp\/v2\/comments?post=8"}],"version-history":[{"count":31,"href":"https:\/\/fruteriaadeeba.com\/eu\/wp-json\/wp\/v2\/pages\/8\/revisions"}],"predecessor-version":[{"id":273,"href":"https:\/\/fruteriaadeeba.com\/eu\/wp-json\/wp\/v2\/pages\/8\/revisions\/273"}],"wp:attachment":[{"href":"https:\/\/fruteriaadeeba.com\/eu\/wp-json\/wp\/v2\/media?parent=8"}],"curies":[{"name":"wp","href":"https:\/\/api.w.org\/{rel}","templated":true}]}}